{"id":768,"date":"2023-10-10T09:04:22","date_gmt":"2023-10-10T09:04:22","guid":{"rendered":"https:\/\/diningmiyata.wfctest.online\/?page_id=768"},"modified":"2024-01-02T09:58:18","modified_gmt":"2024-01-02T09:58:18","slug":"about","status":"publish","type":"page","link":"https:\/\/diningmiyata.wfctest.online\/index.php\/about\/","title":{"rendered":"About"},"content":{"rendered":"\n<div class=\"section-wrapper\" data-id=\"23AYyp\"><section class=\"wp-block-gutenverse-section guten-element guten-section guten-23AYyp layout-fullwidth align-stretch\"><div class=\"guten-background-overlay\"><\/div><div class=\"guten-shape-divider guten-shape-divider-top\"><\/div><div class=\"guten-shape-divider guten-shape-divider-bottom\"><\/div><div class=\"guten-container guten-column-gap-no\">\n<div class=\"wp-block-gutenverse-column guten-element guten-column guten-EqKJto\"><div class=\"guten-background-overlay\"><\/div><div class=\"sticky-wrapper\" data-id=\"EqKJto\"><div class=\"guten-column-wrapper\">\n<h2 class=\"wp-block-gutenverse-heading guten-element guten-ZaY6il\"> ch\u1ed1n d\u1eebng ch\u00e2n y\u00ean b\u00ecnh cho b\u1ea1n tr\u1ea3i nghi\u1ec7m v\u0103n h\u00f3a v\u00e0 \u1ea9m th\u1ef1c nh\u1eadt b\u1ea3n<\/h2>\n\n\n\n<div class=\"guten-element gutenverse-text-editor guten-YWV6KV animated guten-element-hide desktop-fadeInUp\"><div class=\"text-content-inner\">\n<p class=\"has-inter-font-family has-medium-font-size\">N\u1eb1m tr\u00ean con ph\u1ed1 trung t\u00e2m Ng\u00f4 Th\u00ec Nh\u1eadm, v\u1edbi thi\u1ebft k\u1ebf \u1ea5n t\u01b0\u1ee3ng v\u00e0 sang tr\u1ecdng, l\u00e0 s\u1ef1 giao thoa gi\u1eefa truy\u1ec1n th\u1ed1ng v\u00e0 hi\u1ec7n \u0111\u1ea1i, Sushi dining Miyata \u0111\u00e1p \u1ee9ng nhi\u1ec1u nhu c\u1ea7u c\u1ee7a kh\u00e1ch h\u00e0ng: t\u1eeb c\u00e1 nh\u00e2n, gia \u0111\u00ecnh, ph\u00f2ng VIP ri\u00eang\u2026 t\u1eeb nh\u1eefng b\u1eefa \u0103n h\u00e0ng ng\u00e0y cho t\u1edbi c\u00e1c d\u1ecbp l\u1ec5, sum h\u1ecdp \u0111\u1eb7c bi\u1ec7t.<\/p>\n<\/div><\/div>\n<\/div><\/div><\/div>\n\n\n\n<div class=\"wp-block-gutenverse-column guten-element guten-column guten-HntFNM\"><div class=\"guten-background-overlay\"><\/div><div class=\"sticky-wrapper\" data-id=\"HntFNM\"><div class=\"guten-column-wrapper\">\n<h2 class=\"wp-block-gutenverse-heading guten-element guten-dxzjRV\"><\/h2>\n<\/div><\/div><\/div>\n<\/div><\/section><\/div>\n\n\n\n<div class=\"section-wrapper\" data-id=\"YDLtX3\"><section class=\"wp-block-gutenverse-section guten-element guten-section guten-YDLtX3 layout-fullwidth align-stretch\"><div class=\"guten-background-overlay\"><\/div><div class=\"guten-shape-divider guten-shape-divider-top\"><\/div><div class=\"guten-shape-divider guten-shape-divider-bottom\"><\/div><div class=\"guten-container guten-column-gap-no\">\n<div class=\"wp-block-gutenverse-column guten-element guten-column guten-lQ3Yih\"><div class=\"guten-background-overlay\"><\/div><div class=\"sticky-wrapper\" data-id=\"lQ3Yih\"><div class=\"guten-column-wrapper\"><div class=\"kb-gallery-wrap-id-768_e79cee-fb alignnone wp-block-kadence-advancedgallery\"><div class=\"kb-gallery-ul kb-gallery-non-static kb-gallery-type-fluidcarousel kb-gallery-id-768_e79cee-fb kb-gallery-caption-style-bottom-hover kb-gallery-filter-none\" data-image-filter=\"none\" data-lightbox-caption=\"true\"><div class=\"kt-blocks-carousel kt-carousel-container-dotstyle-dark\"><div class=\"kt-blocks-carousel-init kb-blocks-fluid-carousel kt-carousel-arrowstyle-whiteondark kt-carousel-dotstyle-dark\" data-slider-anim-speed=\"400\" data-slider-scroll=\"1\" data-slider-arrows=\"true\" data-slider-dots=\"true\" data-slider-hover-pause=\"false\" data-slider-auto=\"1\" data-slider-speed=\"3000\" data-slider-type=\"fluidcarousel\" data-slider-center-mode=\"true\" data-slider-gap=\"10px\" data-slider-gap-tablet=\"10px\" data-slider-gap-mobile=\"10px\"><div class=\"kb-slide-item kb-gallery-carousel-item\"><div class=\"kadence-blocks-gallery-item\"><div class=\"kadence-blocks-gallery-item-inner\"><figure class=\"kb-gallery-figure kadence-blocks-gallery-item-hide-caption\"><div class=\"kb-gal-image-radius\" ><div class=\"kb-gallery-image-contain\" ><img decoding=\"async\" loading=\"lazy\" src=\"https:\/\/diningmiyata.wfctest.online\/wp-content\/uploads\/2023\/12\/dinning-miyata-about1-1024x1024.jpg\" width=\"1024\" height=\"1024\" alt=\"\" data-full-image=\"https:\/\/diningmiyata.wfctest.online\/wp-content\/uploads\/2023\/12\/dinning-miyata-about1.jpg\" data-light-image=\"https:\/\/diningmiyata.wfctest.online\/wp-content\/uploads\/2023\/12\/dinning-miyata-about1.jpg\" data-id=\"1227\" class=\"wp-image-1227 skip-lazy\" srcset=\"https:\/\/diningmiyata.wfctest.online\/wp-content\/uploads\/2023\/12\/dinning-miyata-about1-1024x1024.jpg 1024w, https:\/\/diningmiyata.wfctest.online\/wp-content\/uploads\/2023\/12\/dinning-miyata-about1-300x300.jpg 300w, https:\/\/diningmiyata.wfctest.online\/wp-content\/uploads\/2023\/12\/dinning-miyata-about1-150x150.jpg 150w, https:\/\/diningmiyata.wfctest.online\/wp-content\/uploads\/2023\/12\/dinning-miyata-about1-768x768.jpg 768w, https:\/\/diningmiyata.wfctest.online\/wp-content\/uploads\/2023\/12\/dinning-miyata-about1-500x500.jpg 500w, https:\/\/diningmiyata.wfctest.online\/wp-content\/uploads\/2023\/12\/dinning-miyata-about1-800x800.jpg 800w, https:\/\/diningmiyata.wfctest.online\/wp-content\/uploads\/2023\/12\/dinning-miyata-about1-1280x1280.jpg 1280w, https:\/\/diningmiyata.wfctest.online\/wp-content\/uploads\/2023\/12\/dinning-miyata-about1-700x700.jpg 700w, https:\/\/diningmiyata.wfctest.online\/wp-content\/uploads\/2023\/12\/dinning-miyata-about1-450x450.jpg 450w, https:\/\/diningmiyata.wfctest.online\/wp-content\/uploads\/2023\/12\/dinning-miyata-about1-600x600.jpg 600w, https:\/\/diningmiyata.wfctest.online\/wp-content\/uploads\/2023\/12\/dinning-miyata-about1-100x100.jpg 100w, https:\/\/diningmiyata.wfctest.online\/wp-content\/uploads\/2023\/12\/dinning-miyata-about1.jpg 1440w\" sizes=\"(max-width: 1024px) 100vw, 1024px\" \/><\/div><\/div><\/figure><\/div><\/div><\/div><div class=\"kb-slide-item kb-gallery-carousel-item\"><div class=\"kadence-blocks-gallery-item\"><div class=\"kadence-blocks-gallery-item-inner\"><figure class=\"kb-gallery-figure kadence-blocks-gallery-item-hide-caption\"><div class=\"kb-gal-image-radius\" ><div class=\"kb-gallery-image-contain\" ><img decoding=\"async\" loading=\"lazy\" src=\"https:\/\/diningmiyata.wfctest.online\/wp-content\/uploads\/2023\/12\/dinning-miyata-about2-768x1024.jpg\" width=\"768\" height=\"1024\" alt=\"\" data-full-image=\"https:\/\/diningmiyata.wfctest.online\/wp-content\/uploads\/2023\/12\/dinning-miyata-about2.jpg\" data-light-image=\"https:\/\/diningmiyata.wfctest.online\/wp-content\/uploads\/2023\/12\/dinning-miyata-about2.jpg\" data-id=\"1228\" class=\"wp-image-1228 skip-lazy\" srcset=\"https:\/\/diningmiyata.wfctest.online\/wp-content\/uploads\/2023\/12\/dinning-miyata-about2-768x1024.jpg 768w, https:\/\/diningmiyata.wfctest.online\/wp-content\/uploads\/2023\/12\/dinning-miyata-about2-225x300.jpg 225w, https:\/\/diningmiyata.wfctest.online\/wp-content\/uploads\/2023\/12\/dinning-miyata-about2-1152x1536.jpg 1152w, https:\/\/diningmiyata.wfctest.online\/wp-content\/uploads\/2023\/12\/dinning-miyata-about2-1536x2048.jpg 1536w, https:\/\/diningmiyata.wfctest.online\/wp-content\/uploads\/2023\/12\/dinning-miyata-about2-500x667.jpg 500w, https:\/\/diningmiyata.wfctest.online\/wp-content\/uploads\/2023\/12\/dinning-miyata-about2-800x1067.jpg 800w, https:\/\/diningmiyata.wfctest.online\/wp-content\/uploads\/2023\/12\/dinning-miyata-about2-1280x1707.jpg 1280w, https:\/\/diningmiyata.wfctest.online\/wp-content\/uploads\/2023\/12\/dinning-miyata-about2-600x800.jpg 600w, https:\/\/diningmiyata.wfctest.online\/wp-content\/uploads\/2023\/12\/dinning-miyata-about2.jpg 1920w\" sizes=\"(max-width: 768px) 100vw, 768px\" \/><\/div><\/div><\/figure><\/div><\/div><\/div><div class=\"kb-slide-item kb-gallery-carousel-item\"><div class=\"kadence-blocks-gallery-item\"><div class=\"kadence-blocks-gallery-item-inner\"><figure class=\"kb-gallery-figure kadence-blocks-gallery-item-hide-caption\"><div class=\"kb-gal-image-radius\" ><div class=\"kb-gallery-image-contain\" ><img decoding=\"async\" loading=\"lazy\" src=\"https:\/\/diningmiyata.wfctest.online\/wp-content\/uploads\/2023\/12\/dinning-miyata-about3-768x1024.jpg\" width=\"768\" height=\"1024\" alt=\"\" data-full-image=\"https:\/\/diningmiyata.wfctest.online\/wp-content\/uploads\/2023\/12\/dinning-miyata-about3.jpg\" data-light-image=\"https:\/\/diningmiyata.wfctest.online\/wp-content\/uploads\/2023\/12\/dinning-miyata-about3.jpg\" data-id=\"1229\" class=\"wp-image-1229 skip-lazy\" srcset=\"https:\/\/diningmiyata.wfctest.online\/wp-content\/uploads\/2023\/12\/dinning-miyata-about3-768x1024.jpg 768w, https:\/\/diningmiyata.wfctest.online\/wp-content\/uploads\/2023\/12\/dinning-miyata-about3-225x300.jpg 225w, https:\/\/diningmiyata.wfctest.online\/wp-content\/uploads\/2023\/12\/dinning-miyata-about3-1152x1536.jpg 1152w, https:\/\/diningmiyata.wfctest.online\/wp-content\/uploads\/2023\/12\/dinning-miyata-about3-1536x2048.jpg 1536w, https:\/\/diningmiyata.wfctest.online\/wp-content\/uploads\/2023\/12\/dinning-miyata-about3-500x667.jpg 500w, https:\/\/diningmiyata.wfctest.online\/wp-content\/uploads\/2023\/12\/dinning-miyata-about3-800x1067.jpg 800w, https:\/\/diningmiyata.wfctest.online\/wp-content\/uploads\/2023\/12\/dinning-miyata-about3-1280x1707.jpg 1280w, https:\/\/diningmiyata.wfctest.online\/wp-content\/uploads\/2023\/12\/dinning-miyata-about3-600x800.jpg 600w, https:\/\/diningmiyata.wfctest.online\/wp-content\/uploads\/2023\/12\/dinning-miyata-about3.jpg 1920w\" sizes=\"(max-width: 768px) 100vw, 768px\" \/><\/div><\/div><\/figure><\/div><\/div><\/div><div class=\"kb-slide-item kb-gallery-carousel-item\"><div class=\"kadence-blocks-gallery-item\"><div class=\"kadence-blocks-gallery-item-inner\"><figure class=\"kb-gallery-figure kadence-blocks-gallery-item-hide-caption\"><div class=\"kb-gal-image-radius\" ><div class=\"kb-gallery-image-contain\" ><img decoding=\"async\" loading=\"lazy\" src=\"https:\/\/diningmiyata.wfctest.online\/wp-content\/uploads\/2023\/12\/dinning-miyata-about4-768x1024.jpg\" width=\"768\" height=\"1024\" alt=\"\" data-full-image=\"https:\/\/diningmiyata.wfctest.online\/wp-content\/uploads\/2023\/12\/dinning-miyata-about4.jpg\" data-light-image=\"https:\/\/diningmiyata.wfctest.online\/wp-content\/uploads\/2023\/12\/dinning-miyata-about4.jpg\" data-id=\"1230\" class=\"wp-image-1230 skip-lazy\" srcset=\"https:\/\/diningmiyata.wfctest.online\/wp-content\/uploads\/2023\/12\/dinning-miyata-about4-768x1024.jpg 768w, https:\/\/diningmiyata.wfctest.online\/wp-content\/uploads\/2023\/12\/dinning-miyata-about4-225x300.jpg 225w, https:\/\/diningmiyata.wfctest.online\/wp-content\/uploads\/2023\/12\/dinning-miyata-about4-1152x1536.jpg 1152w, https:\/\/diningmiyata.wfctest.online\/wp-content\/uploads\/2023\/12\/dinning-miyata-about4-1536x2048.jpg 1536w, https:\/\/diningmiyata.wfctest.online\/wp-content\/uploads\/2023\/12\/dinning-miyata-about4-500x667.jpg 500w, https:\/\/diningmiyata.wfctest.online\/wp-content\/uploads\/2023\/12\/dinning-miyata-about4-800x1067.jpg 800w, https:\/\/diningmiyata.wfctest.online\/wp-content\/uploads\/2023\/12\/dinning-miyata-about4-1280x1707.jpg 1280w, https:\/\/diningmiyata.wfctest.online\/wp-content\/uploads\/2023\/12\/dinning-miyata-about4-600x800.jpg 600w, https:\/\/diningmiyata.wfctest.online\/wp-content\/uploads\/2023\/12\/dinning-miyata-about4.jpg 1920w\" sizes=\"(max-width: 768px) 100vw, 768px\" \/><\/div><\/div><\/figure><\/div><\/div><\/div><\/div><\/div><\/div><\/div><\/div><\/div><\/div>\n\n\n\n<div class=\"wp-block-gutenverse-column guten-element guten-column guten-o0vj1F\"><div class=\"guten-background-overlay\"><\/div><div class=\"sticky-wrapper\" data-id=\"o0vj1F\"><div class=\"guten-column-wrapper\">\n<h2 class=\"wp-block-gutenverse-heading guten-element guten-ABvk59 animated guten-element-hide desktop-fadeInUp\">tr\u1ea3i nghi\u1ec7m th\u01b0\u1edfng th\u1ee9c b\u1eefa \u0103n Omakase nh\u01b0 \u0111ang s\u1ed1ng t\u1ea1i Nh\u1eadt B\u1ea3n<\/h2>\n\n\n\n<div class=\"guten-element gutenverse-text-editor guten-wjegTn animated guten-element-hide desktop-fadeInUp\"><div class=\"text-content-inner\">\n<p class=\"has-inter-font-family has-small-font-size\">T\u1ea1i Sushi Dining Miyata, ch\u00fang t\u00f4i d\u00e0nh c\u1ea3 t\u00e2m huy\u1ebft v\u00e0 tr\u00e1i tim \u0111\u1ec3 chu\u1ea9n b\u1ecb nh\u1eefng nguy\u00ean li\u1ec7u th\u01b0\u1ee3ng h\u1ea1ng theo m\u00f9a c\u00f9ng s\u1ef1 k\u1ebft h\u1ee3p \u0111\u1ed9c \u0111\u00e1o, kh\u00f4ng s\u1eed d\u1ee5ng b\u1ea5t k\u00ec lo\u1ea1i h\u01b0\u01a1ng li\u1ec7u h\u00f3a h\u1ecdc n\u00e0o \u0111\u1ec3 \u0111\u01b0a t\u1edbi b\u1ea1n tr\u1ea3i nghi\u1ec7m Omakase nh\u01b0 t\u1ea1i Nh\u1eadt B\u1ea3n. T\u1eeb nh\u1eefng mi\u1ebfng c\u00e1 h\u1ed3i th\u01a1m ngon, cua tuy\u1ebft ng\u1ecdt v\u00e0 ch\u1eafc th\u1ecbt, th\u1ecbt b\u00f2 Wagyu h\u1ea3o h\u1ea1ng nh\u1eadp kh\u1ea9u Nh\u1eadt B\u1ea3n, cho t\u1edbi c\u00e1c lo\u1ea1i sashimi theo m\u00f9a \u0111\u1ed9c \u0111\u00e1o\u2026 T\u1ea5t c\u1ea3 t\u1ea1o n\u00ean m\u1ed9t b\u1eefa t\u1ed1i Omakase h\u1ea3o h\u1ea1ng \u0111\u00edch th\u1ef1c t\u1ea1i nh\u00e0 h\u00e0ng ch\u00fang t\u00f4i, gi\u1ed1ng nh\u01b0 m\u1ed9t v\u1ecb kh\u00e1ch sau khi d\u00f9ng b\u1eefa c\u00f3 chia s\u1ebb : \u201c T\u00f4i kh\u00f4ng ngh\u0129 m\u00ecnh c\u00f3 th\u1ec3 quay tr\u1edf l\u1ea1i Nh\u1eadt B\u1ea3n s\u1edbm nh\u01b0 th\u1ebf n\u00e0y \u201c!<\/p>\n<\/div><\/div>\n<\/div><\/div><\/div>\n<\/div><\/section><\/div>\n\n\n\n<div class=\"section-wrapper\" data-id=\"Da5JOY\"><section class=\"wp-block-gutenverse-section guten-element guten-section guten-Da5JOY layout-fullwidth align-stretch\"><div class=\"guten-background-overlay\"><\/div><div class=\"guten-shape-divider guten-shape-divider-top\"><\/div><div class=\"guten-shape-divider guten-shape-divider-bottom\"><\/div><div class=\"guten-container guten-column-gap-no\">\n<div class=\"wp-block-gutenverse-column guten-element guten-column guten-6XyAx7\"><div class=\"guten-background-overlay\"><\/div><div class=\"sticky-wrapper\" data-id=\"6XyAx7\"><div class=\"guten-column-wrapper\">\n<h2 class=\"wp-block-gutenverse-heading guten-element guten-Io02ks animated guten-element-hide desktop-fadeInUp\">Ch\u00e2n dung b\u1ebfp tr\u01b0\u1edfng danh ti\u1ebfng Asano <\/h2>\n\n\n\n<div class=\"guten-element gutenverse-text-editor guten-4uhRR8 animated guten-element-hide desktop-fadeInUp\"><div class=\"text-content-inner\">\n<p class=\"has-inter-font-family has-small-font-size\">&#8221; T\u00f4i c\u00f3 th\u1ec3 c\u1ea3m nh\u1eadn \u0111\u01b0\u1ee3c c\u00e1i t\u00e2m c\u1ee7a v\u1ecb \u0111\u1ea7u b\u1ebfp n\u00e0y th\u00f4ng qua t\u1eebng h\u00e0nh \u0111\u1ed9ng &#8220;.M\u1ed9t v\u1ecb kh\u00e1ch n\u00f3i v\u1ec1 b\u1ebfp tr\u01b0\u1edfng Asano  c\u1ee7a Sushi Dining Miyata.<\/p>\n\n\n\n<p class=\"has-inter-font-family has-small-font-size\">B\u1ebfp tr\u01b0\u1edfng ng\u01b0\u1eddi Nh\u1eadt b\u1eaft \u0111\u1ea7u s\u1ef1 nghi\u1ec7p t\u1ea1i c\u1ed1 \u0111\u00f4 Kyoto, Nh\u1eadt B\u1ea3n. \u00d4ng c\u00f3 35 n\u0103m \u0111\u00e0o t\u1ea1o t\u1ea1i Nh\u00e0 h\u00e0ng Kitashinchi Edomae Sushi \u1edf Osaka, \u0111\u1eb7t c\u1ea3 tr\u00e1i tim v\u00e0 t\u00e2m h\u1ed3n v\u00e0o nh\u1eefng s\u00e1ng t\u1ea1o c\u1ee7a m\u00ecnh.<\/p>\n\n\n\n<p class=\"has-inter-font-family has-small-font-size\">Ch\u00fang t\u00f4i s\u1eed d\u1ee5ng nguy\u00ean li\u1ec7u theo m\u00f9a, \u0111\u01b0\u1ee3c l\u1ef1a ch\u1ecdn c\u1ea9n th\u1eadn v\u00e0 kh\u00f4ng s\u1eed d\u1ee5ng b\u1ea5t k\u00ec gia v\u1ecb h\u00f3a h\u1ecdc n\u00e0o, \u0111\u1ed3ng th\u1eddi c\u1ed1 g\u1eafng cung c\u1ea5p th\u1ef1c ph\u1ea9m ch\u1ea5t l\u01b0\u1ee3ng cao, th\u01a1m ngon, an to\u00e0n v\u00e0 \u0111\u1ea3m b\u1ea3o. Kh\u00e1ch h\u00e0ng c\u00f3 th\u1ec3 th\u01b0\u1edfng th\u1ee9c c\u00e1c m\u00f3n \u0103n \u0111\u1ec3  c\u1ea3m nh\u1eadn v\u1ec1 t\u1eebng m\u00f9a trong n\u0103m c\u1ee7a Nh\u1eadt B\u1ea3n, k\u1ebft h\u1ee3p c\u00f9ng nguy\u00ean li\u1ec7u \u0111\u1ecba ph\u01b0\u01a1ng \u0111\u00e3 \u0111\u01b0\u1ee3c ki\u1ec3m tra k\u1ef9 c\u00e0ng v\u00e0 h\u00e0i h\u00f2a, \u0111\u1ea3m b\u1ea3o m\u1ed9t b\u1eefa \u0103n Omakase chu\u1ea9n v\u1ecb Nh\u1eadt B\u1ea3n.<\/p>\n\n\n\n<p><\/p>\n<\/div><\/div>\n<\/div><\/div><\/div>\n\n\n\n<div class=\"wp-block-gutenverse-column guten-element guten-column guten-c6Pt2w\"><div class=\"guten-background-overlay\"><\/div><div class=\"sticky-wrapper\" data-id=\"c6Pt2w\"><div class=\"guten-column-wrapper\"><div class=\"kb-gallery-wrap-id-768_d9bb1b-4c alignnone wp-block-kadence-advancedgallery\"><div class=\"kb-gallery-ul kb-gallery-non-static kb-gallery-type-fluidcarousel kb-gallery-id-768_d9bb1b-4c kb-gallery-caption-style-bottom-hover kb-gallery-filter-none\" data-image-filter=\"none\" data-lightbox-caption=\"true\"><div class=\"kt-blocks-carousel kt-carousel-container-dotstyle-dark\"><div class=\"kt-blocks-carousel-init kb-blocks-fluid-carousel kt-carousel-arrowstyle-whiteondark kt-carousel-dotstyle-dark\" data-slider-anim-speed=\"400\" data-slider-scroll=\"1\" data-slider-arrows=\"true\" data-slider-dots=\"true\" data-slider-hover-pause=\"false\" data-slider-auto=\"1\" data-slider-speed=\"3000\" data-slider-type=\"fluidcarousel\" data-slider-center-mode=\"true\" data-slider-gap=\"10px\" data-slider-gap-tablet=\"10px\" data-slider-gap-mobile=\"10px\"><div class=\"kb-slide-item kb-gallery-carousel-item\"><div class=\"kadence-blocks-gallery-item\"><div class=\"kadence-blocks-gallery-item-inner\"><figure class=\"kb-gallery-figure kadence-blocks-gallery-item-hide-caption\"><div class=\"kb-gal-image-radius\" ><div class=\"kb-gallery-image-contain\" ><img decoding=\"async\" loading=\"lazy\" src=\"https:\/\/diningmiyata.wfctest.online\/wp-content\/uploads\/2023\/12\/dinningMiyata-chef-1024x768.jpg\" width=\"1024\" height=\"768\" alt=\"\" data-full-image=\"https:\/\/diningmiyata.wfctest.online\/wp-content\/uploads\/2023\/12\/dinningMiyata-chef.jpg\" data-light-image=\"https:\/\/diningmiyata.wfctest.online\/wp-content\/uploads\/2023\/12\/dinningMiyata-chef.jpg\" data-id=\"1241\" class=\"wp-image-1241 skip-lazy\" srcset=\"https:\/\/diningmiyata.wfctest.online\/wp-content\/uploads\/2023\/12\/dinningMiyata-chef-1024x768.jpg 1024w, https:\/\/diningmiyata.wfctest.online\/wp-content\/uploads\/2023\/12\/dinningMiyata-chef-300x225.jpg 300w, https:\/\/diningmiyata.wfctest.online\/wp-content\/uploads\/2023\/12\/dinningMiyata-chef-768x576.jpg 768w, https:\/\/diningmiyata.wfctest.online\/wp-content\/uploads\/2023\/12\/dinningMiyata-chef-1536x1152.jpg 1536w, https:\/\/diningmiyata.wfctest.online\/wp-content\/uploads\/2023\/12\/dinningMiyata-chef-2048x1536.jpg 2048w, https:\/\/diningmiyata.wfctest.online\/wp-content\/uploads\/2023\/12\/dinningMiyata-chef-500x375.jpg 500w, https:\/\/diningmiyata.wfctest.online\/wp-content\/uploads\/2023\/12\/dinningMiyata-chef-800x600.jpg 800w, https:\/\/diningmiyata.wfctest.online\/wp-content\/uploads\/2023\/12\/dinningMiyata-chef-1280x960.jpg 1280w, https:\/\/diningmiyata.wfctest.online\/wp-content\/uploads\/2023\/12\/dinningMiyata-chef-1920x1440.jpg 1920w, https:\/\/diningmiyata.wfctest.online\/wp-content\/uploads\/2023\/12\/dinningMiyata-chef-600x450.jpg 600w\" sizes=\"(max-width: 1024px) 100vw, 1024px\" \/><\/div><\/div><\/figure><\/div><\/div><\/div><div class=\"kb-slide-item kb-gallery-carousel-item\"><div class=\"kadence-blocks-gallery-item\"><div class=\"kadence-blocks-gallery-item-inner\"><figure class=\"kb-gallery-figure kadence-blocks-gallery-item-hide-caption\"><div class=\"kb-gal-image-radius\" ><div class=\"kb-gallery-image-contain\" ><img decoding=\"async\" loading=\"lazy\" src=\"https:\/\/diningmiyata.wfctest.online\/wp-content\/uploads\/2023\/12\/dinningMiyata-chef2-1024x766.jpg\" width=\"1024\" height=\"766\" alt=\"\" data-full-image=\"https:\/\/diningmiyata.wfctest.online\/wp-content\/uploads\/2023\/12\/dinningMiyata-chef2.jpg\" data-light-image=\"https:\/\/diningmiyata.wfctest.online\/wp-content\/uploads\/2023\/12\/dinningMiyata-chef2.jpg\" data-id=\"1242\" class=\"wp-image-1242 skip-lazy\" srcset=\"https:\/\/diningmiyata.wfctest.online\/wp-content\/uploads\/2023\/12\/dinningMiyata-chef2-1024x766.jpg 1024w, https:\/\/diningmiyata.wfctest.online\/wp-content\/uploads\/2023\/12\/dinningMiyata-chef2-300x224.jpg 300w, https:\/\/diningmiyata.wfctest.online\/wp-content\/uploads\/2023\/12\/dinningMiyata-chef2-768x574.jpg 768w, https:\/\/diningmiyata.wfctest.online\/wp-content\/uploads\/2023\/12\/dinningMiyata-chef2-500x374.jpg 500w, https:\/\/diningmiyata.wfctest.online\/wp-content\/uploads\/2023\/12\/dinningMiyata-chef2-800x598.jpg 800w, https:\/\/diningmiyata.wfctest.online\/wp-content\/uploads\/2023\/12\/dinningMiyata-chef2-1280x957.jpg 1280w, https:\/\/diningmiyata.wfctest.online\/wp-content\/uploads\/2023\/12\/dinningMiyata-chef2-600x449.jpg 600w, https:\/\/diningmiyata.wfctest.online\/wp-content\/uploads\/2023\/12\/dinningMiyata-chef2.jpg 1440w\" sizes=\"(max-width: 1024px) 100vw, 1024px\" \/><\/div><\/div><\/figure><\/div><\/div><\/div><div class=\"kb-slide-item kb-gallery-carousel-item\"><div class=\"kadence-blocks-gallery-item\"><div class=\"kadence-blocks-gallery-item-inner\"><figure class=\"kb-gallery-figure kadence-blocks-gallery-item-hide-caption\"><div class=\"kb-gal-image-radius\" ><div class=\"kb-gallery-image-contain\" ><img decoding=\"async\" loading=\"lazy\" src=\"https:\/\/diningmiyata.wfctest.online\/wp-content\/uploads\/2023\/12\/dinningMiyata-chef3-1024x768.jpg\" width=\"1024\" height=\"768\" alt=\"\" data-full-image=\"https:\/\/diningmiyata.wfctest.online\/wp-content\/uploads\/2023\/12\/dinningMiyata-chef3.jpg\" data-light-image=\"https:\/\/diningmiyata.wfctest.online\/wp-content\/uploads\/2023\/12\/dinningMiyata-chef3.jpg\" data-id=\"1243\" class=\"wp-image-1243 skip-lazy\" srcset=\"https:\/\/diningmiyata.wfctest.online\/wp-content\/uploads\/2023\/12\/dinningMiyata-chef3-1024x768.jpg 1024w, https:\/\/diningmiyata.wfctest.online\/wp-content\/uploads\/2023\/12\/dinningMiyata-chef3-300x225.jpg 300w, https:\/\/diningmiyata.wfctest.online\/wp-content\/uploads\/2023\/12\/dinningMiyata-chef3-768x576.jpg 768w, https:\/\/diningmiyata.wfctest.online\/wp-content\/uploads\/2023\/12\/dinningMiyata-chef3-1536x1152.jpg 1536w, https:\/\/diningmiyata.wfctest.online\/wp-content\/uploads\/2023\/12\/dinningMiyata-chef3-500x375.jpg 500w, https:\/\/diningmiyata.wfctest.online\/wp-content\/uploads\/2023\/12\/dinningMiyata-chef3-800x600.jpg 800w, https:\/\/diningmiyata.wfctest.online\/wp-content\/uploads\/2023\/12\/dinningMiyata-chef3-1280x960.jpg 1280w, https:\/\/diningmiyata.wfctest.online\/wp-content\/uploads\/2023\/12\/dinningMiyata-chef3-600x450.jpg 600w, https:\/\/diningmiyata.wfctest.online\/wp-content\/uploads\/2023\/12\/dinningMiyata-chef3.jpg 1920w\" sizes=\"(max-width: 1024px) 100vw, 1024px\" \/><\/div><\/div><\/figure><\/div><\/div><\/div><\/div><\/div><\/div><\/div><\/div><\/div><\/div>\n<\/div><\/section><\/div>\n","protected":false},"excerpt":{"rendered":"","protected":false},"author":1,"featured_media":0,"parent":0,"menu_order":0,"comment_status":"closed","ping_status":"closed","template":"wp-custom-template-custom-pages","meta":{"tpgb_global_settings":"","footnotes":""},"tpgb_featured_images":null,"tpgb_post_meta_info":{"get_date":"October 10, 2023","author_name":"jotranfree","author_url":"https:\/\/diningmiyata.wfctest.online\/index.php\/author\/jotranfree\/","author_email":"jotranfree@gmail.com","author_website":"https:\/\/diningmiyata.wfctest.online","author_description":"","author_facebook":"","author_twitter":"","author_instagram":"","author_role":["administrator"],"author_firstname":"","author_lastname":"","user_login":"jotranfree","author_avatar":"<img alt='' src='https:\/\/secure.gravatar.com\/avatar\/b57a5ccd944276e282823cd2b7f733ea?s=200&#038;d=mm&#038;r=g' srcset='https:\/\/secure.gravatar.com\/avatar\/b57a5ccd944276e282823cd2b7f733ea?s=400&#038;d=mm&#038;r=g 2x' class='avatar avatar-200 photo' height='200' width='200' loading='lazy' decoding='async'\/>","author_avatar_url":"https:\/\/secure.gravatar.com\/avatar\/b57a5ccd944276e282823cd2b7f733ea?s=96&d=mm&r=g","comment_count":0,"post_likes":0,"post_views":0},"tpgb_post_category":[],"_links":{"self":[{"href":"https:\/\/diningmiyata.wfctest.online\/index.php\/wp-json\/wp\/v2\/pages\/768"}],"collection":[{"href":"https:\/\/diningmiyata.wfctest.online\/index.php\/wp-json\/wp\/v2\/pages"}],"about":[{"href":"https:\/\/diningmiyata.wfctest.online\/index.php\/wp-json\/wp\/v2\/types\/page"}],"author":[{"embeddable":true,"href":"https:\/\/diningmiyata.wfctest.online\/index.php\/wp-json\/wp\/v2\/users\/1"}],"replies":[{"embeddable":true,"href":"https:\/\/diningmiyata.wfctest.online\/index.php\/wp-json\/wp\/v2\/comments?post=768"}],"version-history":[{"count":72,"href":"https:\/\/diningmiyata.wfctest.online\/index.php\/wp-json\/wp\/v2\/pages\/768\/revisions"}],"predecessor-version":[{"id":1365,"href":"https:\/\/diningmiyata.wfctest.online\/index.php\/wp-json\/wp\/v2\/pages\/768\/revisions\/1365"}],"wp:attachment":[{"href":"https:\/\/diningmiyata.wfctest.online\/index.php\/wp-json\/wp\/v2\/media?parent=768"}],"curies":[{"name":"wp","href":"https:\/\/api.w.org\/{rel}","templated":true}]}}